{"id":6,"date":"2019-06-27T19:47:16","date_gmt":"2019-06-27T19:47:16","guid":{"rendered":"http:\/\/beta.kartellrechtsforum-frankfurt.de\/?page_id=6"},"modified":"2025-05-22T12:13:49","modified_gmt":"2025-05-22T12:13:49","slug":"home-page","status":"publish","type":"page","link":"https:\/\/kartellrechtsforum-frankfurt.de\/","title":{"rendered":"Startseite"},"content":{"rendered":"\t\t<div data-elementor-type=\"wp-post\" data-elementor-id=\"6\" class=\"elementor elementor-6\" data-elementor-post-type=\"page\">\n\t\t\t\t\t\t<section class=\"elementor-section elementor-top-section elementor-element elementor-element-c848ab3 elementor-section-full_width elementor-section-height-min-height hero elementor-section-height-default elementor-section-items-middle\" data-id=\"c848ab3\" data-element_type=\"section\" data-settings=\"{&quot;background_background&quot;:&quot;classic&quot;}\">\n\t\t\t\t\t\t\t<div class=\"elementor-background-overlay\"><\/div>\n\t\t\t\t\t\t\t<div class=\"elementor-container elementor-column-gap-default\">\n\t\t\t\t\t<div class=\"elementor-column elementor-col-100 elementor-top-column elementor-element elementor-element-e290158\" data-id=\"e290158\" data-element_type=\"column\">\n\t\t\t<div class=\"elementor-widget-wrap elementor-element-populated\">\n\t\t\t\t\t\t<div class=\"elementor-element elementor-element-af37ffb animated-fast elementor-invisible elementor-widget elementor-widget-heading\" data-id=\"af37ffb\" data-element_type=\"widget\" data-settings=\"{&quot;_animation&quot;:&quot;fadeIn&quot;,&quot;_animation_delay&quot;:300}\" data-widget_type=\"heading.default\">\n\t\t\t\t<div class=\"elementor-widget-container\">\n\t\t\t\t\t<h2 class=\"elementor-heading-title elementor-size-default\">KARTELLRECHTSFORUM<\/h2>\t\t\t\t<\/div>\n\t\t\t\t<\/div>\n\t\t\t\t<div class=\"elementor-element elementor-element-460fa20 animated-fast elementor-invisible elementor-widget elementor-widget-heading\" data-id=\"460fa20\" data-element_type=\"widget\" data-settings=\"{&quot;_animation&quot;:&quot;fadeIn&quot;,&quot;_animation_delay&quot;:600}\" data-widget_type=\"heading.default\">\n\t\t\t\t<div class=\"elementor-widget-container\">\n\t\t\t\t\t<h5 class=\"elementor-heading-title elementor-size-default\">FRANKFURT AM MAIN E.V.<\/h5>\t\t\t\t<\/div>\n\t\t\t\t<\/div>\n\t\t\t\t<div class=\"elementor-element elementor-element-a6abcc0 animated-fast elementor-invisible elementor-widget elementor-widget-premium-addon-button\" data-id=\"a6abcc0\" data-element_type=\"widget\" data-settings=\"{&quot;_animation&quot;:&quot;fadeInUp&quot;,&quot;_animation_delay&quot;:900}\" data-widget_type=\"premium-addon-button.default\">\n\t\t\t\t<div class=\"elementor-widget-container\">\n\t\t\t\t\t\r\n\r\n\t\t<a class=\"premium-button premium-button-style2 premium-btn-lg premium-button-style2-shutoutver\" href=\"http:\/\/kartellrechtsforum-frankfurt.de\/?page_id=52\">\r\n\t\t\t<div class=\"premium-button-text-icon-wrapper\">\r\n\t\t\t\t\r\n\t\t\t\t\t\t\t\t\t<span >\r\n\t\t\t\t\t\t\u00dcber den Verein\t\t\t\t\t<\/span>\r\n\t\t\t\t\r\n\t\t\t\t\t\t\t<\/div>\r\n\r\n\t\t\t\r\n\t\t\t\r\n\t\t\t\r\n\t\t<\/a>\r\n\r\n\r\n\t\t\t\t\t\t<\/div>\n\t\t\t\t<\/div>\n\t\t\t\t<div class=\"elementor-element elementor-element-23c0e81 hero-text animated-fast elementor-invisible elementor-widget elementor-widget-text-editor\" data-id=\"23c0e81\" data-element_type=\"widget\" data-settings=\"{&quot;_animation&quot;:&quot;fadeInUp&quot;,&quot;_animation_delay&quot;:1100}\" data-widget_type=\"text-editor.default\">\n\t\t\t\t<div class=\"elementor-widget-container\">\n\t\t\t\t\t\t\t\t\t<div>\n<p style=\"text-align: center;\"><span style=\"color: #ffffff;\">Wir freuen uns, Sie auf unserer Internetpr\u00e4senz \u200bbegr\u00fc\u00dfen zu d\u00fcrfen. Auf den Seiten finden Sie alle relevanten Informationen zum Verein, zur Mitgliedschaft und zu unseren Veranstaltungen.<\/span><\/p>\n\n<\/div>\t\t\t\t\t\t\t\t<\/div>\n\t\t\t\t<\/div>\n\t\t\t\t\t<\/div>\n\t\t<\/div>\n\t\t\t\t\t<\/div>\n\t\t<\/section>\n\t\t\t\t<section class=\"elementor-section elementor-top-section elementor-element elementor-element-3931c53 elementor-section-boxed elementor-section-height-default elementor-section-height-default\" data-id=\"3931c53\" data-element_type=\"section\">\n\t\t\t\t\t\t<div class=\"elementor-container elementor-column-gap-no\">\n\t\t\t\t\t<div class=\"elementor-column elementor-col-50 elementor-top-column elementor-element elementor-element-0033f78\" data-id=\"0033f78\" data-element_type=\"column\">\n\t\t\t<div class=\"elementor-widget-wrap elementor-element-populated\">\n\t\t\t\t\t\t<div class=\"elementor-element elementor-element-9af5412 elementor-widget elementor-widget-image\" data-id=\"9af5412\" data-element_type=\"widget\" data-widget_type=\"image.default\">\n\t\t\t\t<div class=\"elementor-widget-container\">\n\t\t\t\t\t\t\t\t\t\t\t\t\t\t\t<img fetchpriority=\"high\" decoding=\"async\" width=\"750\" height=\"500\" src=\"https:\/\/kartellrechtsforum-frankfurt.de\/wp-content\/uploads\/2019\/07\/photo-1551522355-dbf80597eba8.jpg\" class=\"attachment-large size-large wp-image-106\" alt=\"\" srcset=\"https:\/\/kartellrechtsforum-frankfurt.de\/wp-content\/uploads\/2019\/07\/photo-1551522355-dbf80597eba8.jpg 750w, https:\/\/kartellrechtsforum-frankfurt.de\/wp-content\/uploads\/2019\/07\/photo-1551522355-dbf80597eba8-300x200.jpg 300w\" sizes=\"(max-width: 750px) 100vw, 750px\" \/>\t\t\t\t\t\t\t\t\t\t\t\t\t\t\t<\/div>\n\t\t\t\t<\/div>\n\t\t\t\t\t<\/div>\n\t\t<\/div>\n\t\t\t\t<div class=\"elementor-column elementor-col-50 elementor-top-column elementor-element elementor-element-d2261a6\" data-id=\"d2261a6\" data-element_type=\"column\">\n\t\t\t<div class=\"elementor-widget-wrap elementor-element-populated\">\n\t\t\t\t\t\t<div class=\"elementor-element elementor-element-c4af74b elementor-widget elementor-widget-text-editor\" data-id=\"c4af74b\" data-element_type=\"widget\" data-widget_type=\"text-editor.default\">\n\t\t\t\t<div class=\"elementor-widget-container\">\n\t\t\t\t\t\t\t\t\t<p>Kommende Veranstaltung<\/p>\t\t\t\t\t\t\t\t<\/div>\n\t\t\t\t<\/div>\n\t\t\t\t<div class=\"elementor-element elementor-element-845cb1a elementor-widget-divider--view-line elementor-widget elementor-widget-divider\" data-id=\"845cb1a\" data-element_type=\"widget\" data-widget_type=\"divider.default\">\n\t\t\t\t<div class=\"elementor-widget-container\">\n\t\t\t\t\t\t\t<div class=\"elementor-divider\">\n\t\t\t<span class=\"elementor-divider-separator\">\n\t\t\t\t\t\t<\/span>\n\t\t<\/div>\n\t\t\t\t\t\t<\/div>\n\t\t\t\t<\/div>\n\t\t\t\t<div class=\"elementor-element elementor-element-60f5fbf events-home elementor-widget elementor-widget-wp-widget-em_widget\" data-id=\"60f5fbf\" data-element_type=\"widget\" data-widget_type=\"wp-widget-em_widget.default\">\n\t\t\t\t<div class=\"elementor-widget-container\">\n\t\t\t\t\t<div class=\"em pixelbones em-list-widget em-events-widget\"><ul><li>Der n\u00e4chste Termin wird zeitnah ver\u00f6ffentlicht. <\/li><\/ul><\/div>\t\t\t\t<\/div>\n\t\t\t\t<\/div>\n\t\t\t\t\t<\/div>\n\t\t<\/div>\n\t\t\t\t\t<\/div>\n\t\t<\/section>\n\t\t\t\t<section class=\"elementor-section elementor-top-section elementor-element elementor-element-d12c747 elementor-section-boxed elementor-section-height-default elementor-section-height-default\" data-id=\"d12c747\" data-element_type=\"section\">\n\t\t\t\t\t\t<div class=\"elementor-container elementor-column-gap-no\">\n\t\t\t\t\t<div class=\"elementor-column elementor-col-100 elementor-top-column elementor-element elementor-element-971326b\" data-id=\"971326b\" data-element_type=\"column\">\n\t\t\t<div class=\"elementor-widget-wrap elementor-element-populated\">\n\t\t\t\t\t\t<div class=\"elementor-element elementor-element-9bb1b67 elementor-widget elementor-widget-text-editor\" data-id=\"9bb1b67\" data-element_type=\"widget\" data-widget_type=\"text-editor.default\">\n\t\t\t\t<div class=\"elementor-widget-container\">\n\t\t\t\t\t\t\t\t\t<p>Vergangene Veranstaltungen<\/p>\t\t\t\t\t\t\t\t<\/div>\n\t\t\t\t<\/div>\n\t\t\t\t<div class=\"elementor-element elementor-element-d5b33bb elementor-widget-divider--view-line elementor-widget elementor-widget-divider\" data-id=\"d5b33bb\" data-element_type=\"widget\" data-widget_type=\"divider.default\">\n\t\t\t\t<div class=\"elementor-widget-container\">\n\t\t\t\t\t\t\t<div class=\"elementor-divider\">\n\t\t\t<span class=\"elementor-divider-separator\">\n\t\t\t\t\t\t<\/span>\n\t\t<\/div>\n\t\t\t\t\t\t<\/div>\n\t\t\t\t<\/div>\n\t\t\t\t<div class=\"elementor-element elementor-element-4f95300 events-home past-events elementor-widget elementor-widget-wp-widget-em_widget\" data-id=\"4f95300\" data-element_type=\"widget\" data-widget_type=\"wp-widget-em_widget.default\">\n\t\t\t\t<div class=\"elementor-widget-container\">\n\t\t\t\t\t<div class=\"em pixelbones em-list-widget em-events-widget\"><ul><li class='event-title'><a href=\"https:\/\/kartellrechtsforum-frankfurt.de\/?event=5-frankfurter-kartellrechtstag-28-august-2025-ab-1530-uhr\">5. Frankfurter Kartellrechtstag, 28. August 2025, ab 15:30 Uhr<\/a><ul>\r\n<li class='event-text'><span>Liebe Kolleginnen und Kollegen - please save the date: Der 5. Frankfurter Kartellrechtstag unseres Kartellrechtsforums Frankfurt wird am Donnerstag, den 28. August 2025 ab 15:30 Uhr im Clubhaus des Ruderclubs Germania am Schaumainkai stattfinden. Der Pr\u00e4sident des Bundeskartellamts Andreas Mundt...\r\n<\/span><\/li>\r\n\r\n<li class='event-url'><a href='https:\/\/kartellrechtsforum-frankfurt.de\/?event=5-frankfurter-kartellrechtstag-28-august-2025-ab-1530-uhr'>Zur Veranstaltung<\/a><\/li>\r\n<\/ul><\/li><li class='event-title'><a href=\"https:\/\/kartellrechtsforum-frankfurt.de\/?event=treffen-kartellrechtsforum-am-30-9-2024\">Treffen des Kartellrechtsforums<\/a><ul>\r\n<li class='event-text'><span>Am 30. September 2024 fand ein Treffen des Kartellrechtsforums in den R\u00e4umen von Norton Rose Fulbright LLP\u00a0 statt. Vortrag:\u00a0\u201ePrivate Enforcement im Rahmen des DMA \u2013 Einblicke in die \u201eBlack Box\u201c der Schadenssch\u00e4tzung.\u201c Referenten: David Fila, Nicolas Quindeau\r\n<\/span><\/li>\r\n\r\n<li class='event-url'><a href='https:\/\/kartellrechtsforum-frankfurt.de\/?event=treffen-kartellrechtsforum-am-30-9-2024'>Zur Veranstaltung<\/a><\/li>\r\n<\/ul><\/li><li class='event-title'><a href=\"https:\/\/kartellrechtsforum-frankfurt.de\/?event=treffen-des-kartellrechtsforums-2\">Treffen des Kartellrechtsforums<\/a><ul>\r\n<li class='event-text'><span>Am 24. April 2024, fand ein Treffen des Kartellrechtsforums in den R\u00e4umen der Kanzlei Mayer Brown in Frankfurt statt. Dr. Andrea Pomana hielt den Impulsvortrag \"Illumina\/Grail \u2013 Sandwich-Jurisdiktion? Quo vadis nach den Schlussantr\u00e4gen des Generalanwalts Emiliou\" und sprach die verschiedenen...\r\n<\/span><\/li>\r\n\r\n<li class='event-url'><a href='https:\/\/kartellrechtsforum-frankfurt.de\/?event=treffen-des-kartellrechtsforums-2'>Zur Veranstaltung<\/a><\/li>\r\n<\/ul><\/li><li class=\"all-events-link\"><a href=\"https:\/\/kartellrechtsforum-frankfurt.de\/?page_id=12\" title=\"Alle Veranstaltungen\">Alle Veranstaltungen<\/a><\/li><\/ul><\/div>\t\t\t\t<\/div>\n\t\t\t\t<\/div>\n\t\t\t\t\t<\/div>\n\t\t<\/div>\n\t\t\t\t\t<\/div>\n\t\t<\/section>\n\t\t\t\t<section class=\"elementor-section elementor-top-section elementor-element elementor-element-88bedef events elementor-section-boxed elementor-section-height-default elementor-section-height-default\" data-id=\"88bedef\" data-element_type=\"section\" data-settings=\"{&quot;background_background&quot;:&quot;classic&quot;}\">\n\t\t\t\t\t\t\t<div class=\"elementor-background-overlay\"><\/div>\n\t\t\t\t\t\t\t<div class=\"elementor-container elementor-column-gap-default\">\n\t\t\t\t\t<div class=\"elementor-column elementor-col-100 elementor-top-column elementor-element elementor-element-79f5dd2\" data-id=\"79f5dd2\" data-element_type=\"column\">\n\t\t\t<div class=\"elementor-widget-wrap elementor-element-populated\">\n\t\t\t\t\t\t<div class=\"elementor-element elementor-element-ebfdf59 elementor-widget elementor-widget-text-editor\" data-id=\"ebfdf59\" data-element_type=\"widget\" data-widget_type=\"text-editor.default\">\n\t\t\t\t<div class=\"elementor-widget-container\">\n\t\t\t\t\t\t\t\t\t<p>Werden Sie Mitglied!<\/p>\t\t\t\t\t\t\t\t<\/div>\n\t\t\t\t<\/div>\n\t\t\t\t<div class=\"elementor-element elementor-element-04cce05 elementor-widget-divider--view-line elementor-widget elementor-widget-divider\" data-id=\"04cce05\" data-element_type=\"widget\" data-widget_type=\"divider.default\">\n\t\t\t\t<div class=\"elementor-widget-container\">\n\t\t\t\t\t\t\t<div class=\"elementor-divider\">\n\t\t\t<span class=\"elementor-divider-separator\">\n\t\t\t\t\t\t<\/span>\n\t\t<\/div>\n\t\t\t\t\t\t<\/div>\n\t\t\t\t<\/div>\n\t\t\t\t<div class=\"elementor-element elementor-element-bdc1bf5 elementor-widget__width-initial elementor-widget elementor-widget-text-editor\" data-id=\"bdc1bf5\" data-element_type=\"widget\" data-widget_type=\"text-editor.default\">\n\t\t\t\t<div class=\"elementor-widget-container\">\n\t\t\t\t\t\t\t\t\t<p>Wir freuen uns jederzeit \u00fcber neue Vereinsmitglieder. N\u00e4here Informationen und die relevanten Formulare finden Sie unter &#8222;Mitgliedschaft&#8220;.<\/p>\t\t\t\t\t\t\t\t<\/div>\n\t\t\t\t<\/div>\n\t\t\t\t<div class=\"elementor-element elementor-element-211abb2 elementor-widget elementor-widget-premium-addon-button\" data-id=\"211abb2\" data-element_type=\"widget\" data-widget_type=\"premium-addon-button.default\">\n\t\t\t\t<div class=\"elementor-widget-container\">\n\t\t\t\t\t\r\n\r\n\t\t<a class=\"premium-button premium-button-style2 premium-btn-lg premium-button-style2-shutoutver\" href=\"http:\/\/kartellrechtsforum-frankfurt.de\/?page_id=212\">\r\n\t\t\t<div class=\"premium-button-text-icon-wrapper\">\r\n\t\t\t\t\r\n\t\t\t\t\t\t\t\t\t<span >\r\n\t\t\t\t\t\tMitgliedschaft\t\t\t\t\t<\/span>\r\n\t\t\t\t\r\n\t\t\t\t\t\t\t<\/div>\r\n\r\n\t\t\t\r\n\t\t\t\r\n\t\t\t\r\n\t\t<\/a>\r\n\r\n\r\n\t\t\t\t\t\t<\/div>\n\t\t\t\t<\/div>\n\t\t\t\t\t<\/div>\n\t\t<\/div>\n\t\t\t\t\t<\/div>\n\t\t<\/section>\n\t\t\t\t<\/div>\n\t\t","protected":false},"excerpt":{"rendered":"<p>KARTELLRECHTSFORUM FRANKFURT AM MAIN E.V. \u00dcber den Verein Wir freuen uns, Sie auf unserer Internetpr\u00e4senz \u200bbegr\u00fc\u00dfen zu d\u00fcrfen. Auf den Seiten finden Sie alle relevanten Informationen zum Verein, zur Mitgliedschaft und zu unseren Veranstaltungen. Kommende Veranstaltung Vergangene Veranstaltungen Werden Sie Mitglied! Wir freuen uns jederzeit \u00fcber neue Vereinsmitglieder. N\u00e4here Informationen und die relevanten Formulare finden [&hellip;]<\/p>\n","protected":false},"author":1,"featured_media":0,"parent":0,"menu_order":0,"comment_status":"closed","ping_status":"closed","template":"elementor_header_footer","meta":{"ocean_post_layout":"","ocean_both_sidebars_style":"","ocean_both_sidebars_content_width":0,"ocean_both_sidebars_sidebars_width":0,"ocean_sidebar":"0","ocean_second_sidebar":"0","ocean_disable_margins":"enable","ocean_add_body_class":"","ocean_shortcode_before_top_bar":"","ocean_shortcode_after_top_bar":"","ocean_shortcode_before_header":"","ocean_shortcode_after_header":"","ocean_has_shortcode":"","ocean_shortcode_after_title":"","ocean_shortcode_before_footer_widgets":"","ocean_shortcode_after_footer_widgets":"","ocean_shortcode_before_footer_bottom":"","ocean_shortcode_after_footer_bottom":"","ocean_display_top_bar":"default","ocean_display_header":"default","ocean_header_style":"","ocean_center_header_left_menu":"0","ocean_custom_header_template":"0","ocean_custom_logo":0,"ocean_custom_retina_logo":0,"ocean_custom_logo_max_width":0,"ocean_custom_logo_tablet_max_width":0,"ocean_custom_logo_mobile_max_width":0,"ocean_custom_logo_max_height":0,"ocean_custom_logo_tablet_max_height":0,"ocean_custom_logo_mobile_max_height":0,"ocean_header_custom_menu":"0","ocean_menu_typo_font_family":"0","ocean_menu_typo_font_subset":"","ocean_menu_typo_font_size":0,"ocean_menu_typo_font_size_tablet":0,"ocean_menu_typo_font_size_mobile":0,"ocean_menu_typo_font_size_unit":"px","ocean_menu_typo_font_weight":"","ocean_menu_typo_font_weight_tablet":"","ocean_menu_typo_font_weight_mobile":"","ocean_menu_typo_transform":"","ocean_menu_typo_transform_tablet":"","ocean_menu_typo_transform_mobile":"","ocean_menu_typo_line_height":0,"ocean_menu_typo_line_height_tablet":0,"ocean_menu_typo_line_height_mobile":0,"ocean_menu_typo_line_height_unit":"","ocean_menu_typo_spacing":0,"ocean_menu_typo_spacing_tablet":0,"ocean_menu_typo_spacing_mobile":0,"ocean_menu_typo_spacing_unit":"","ocean_menu_link_color":"","ocean_menu_link_color_hover":"","ocean_menu_link_color_active":"","ocean_menu_link_background":"","ocean_menu_link_hover_background":"","ocean_menu_link_active_background":"","ocean_menu_social_links_bg":"","ocean_menu_social_hover_links_bg":"","ocean_menu_social_links_color":"","ocean_menu_social_hover_links_color":"","ocean_disable_title":"default","ocean_disable_heading":"default","ocean_post_title":"","ocean_post_subheading":"","ocean_post_title_style":"","ocean_post_title_background_color":"","ocean_post_title_background":0,"ocean_post_title_bg_image_position":"","ocean_post_title_bg_image_attachment":"","ocean_post_title_bg_image_repeat":"","ocean_post_title_bg_image_size":"","ocean_post_title_height":0,"ocean_post_title_bg_overlay":0.5,"ocean_post_title_bg_overlay_color":"","ocean_disable_breadcrumbs":"default","ocean_breadcrumbs_color":"","ocean_breadcrumbs_separator_color":"","ocean_breadcrumbs_links_color":"","ocean_breadcrumbs_links_hover_color":"","ocean_display_footer_widgets":"default","ocean_display_footer_bottom":"default","ocean_custom_footer_template":"0","footnotes":""},"class_list":["post-6","page","type-page","status-publish","hentry","entry"],"_links":{"self":[{"href":"https:\/\/kartellrechtsforum-frankfurt.de\/index.php?rest_route=\/wp\/v2\/pages\/6","targetHints":{"allow":["GET"]}}],"collection":[{"href":"https:\/\/kartellrechtsforum-frankfurt.de\/index.php?rest_route=\/wp\/v2\/pages"}],"about":[{"href":"https:\/\/kartellrechtsforum-frankfurt.de\/index.php?rest_route=\/wp\/v2\/types\/page"}],"author":[{"embeddable":true,"href":"https:\/\/kartellrechtsforum-frankfurt.de\/index.php?rest_route=\/wp\/v2\/users\/1"}],"replies":[{"embeddable":true,"href":"https:\/\/kartellrechtsforum-frankfurt.de\/index.php?rest_route=%2Fwp%2Fv2%2Fcomments&post=6"}],"version-history":[{"count":206,"href":"https:\/\/kartellrechtsforum-frankfurt.de\/index.php?rest_route=\/wp\/v2\/pages\/6\/revisions"}],"predecessor-version":[{"id":989,"href":"https:\/\/kartellrechtsforum-frankfurt.de\/index.php?rest_route=\/wp\/v2\/pages\/6\/revisions\/989"}],"wp:attachment":[{"href":"https:\/\/kartellrechtsforum-frankfurt.de\/index.php?rest_route=%2Fwp%2Fv2%2Fmedia&parent=6"}],"curies":[{"name":"wp","href":"https:\/\/api.w.org\/{rel}","templated":true}]}}