{"id":558,"date":"2020-08-20T10:13:11","date_gmt":"2020-08-20T10:13:11","guid":{"rendered":"http:\/\/beta.kartellrechtsforum-frankfurt.de\/?page_id=558"},"modified":"2025-05-22T13:14:31","modified_gmt":"2025-05-22T13:14:31","slug":"elementor-558","status":"publish","type":"page","link":"https:\/\/kartellrechtsforum-frankfurt.de\/?page_id=558","title":{"rendered":"Datenschutzerkl\u00e4rung"},"content":{"rendered":"\t\t<div data-elementor-type=\"wp-page\" data-elementor-id=\"558\" class=\"elementor elementor-558\" data-elementor-post-type=\"page\">\n\t\t\t\t\t\t<section class=\"elementor-section elementor-top-section elementor-element elementor-element-6ae1b0c elementor-section-boxed elementor-section-height-default elementor-section-height-default\" data-id=\"6ae1b0c\" data-element_type=\"section\">\n\t\t\t\t\t\t<div class=\"elementor-container elementor-column-gap-default\">\n\t\t\t\t\t<div class=\"elementor-column elementor-col-100 elementor-top-column elementor-element elementor-element-0badc24\" data-id=\"0badc24\" data-element_type=\"column\">\n\t\t\t<div class=\"elementor-widget-wrap elementor-element-populated\">\n\t\t\t\t\t\t<div class=\"elementor-element elementor-element-02931ec elementor-widget elementor-widget-text-editor\" data-id=\"02931ec\" data-element_type=\"widget\" data-widget_type=\"text-editor.default\">\n\t\t\t\t<div class=\"elementor-widget-container\">\n\t\t\t\t\t\t\t\t\t<h1><b>Datenschutzerkl\u00e4rung des Kartellrechtsforum Frankfurt e.V.<\/b><\/h1>\n<p><span style=\"font-weight: 400;\">Das Kartellrechtsforum Frankfurt am Main e.V. freut sich \u00fcber Ihren Besuch auf unserer Webseite. Der Schutz Ihrer Privatsph\u00e4re und personenbezogenen Daten der Nutzer sowie die diesem Schutz dienenden gesetzlichen Verpflichtungen nehmen wir sehr ernst. Die nachfolgende Datenschutzerkl\u00e4rung kl\u00e4rt Sie daher in allgemeiner Weise \u00fcber die Art, den Umfang und den Zweck der Verarbeitung von personenbezogenen Daten auf, insbesondere \u00fcber die Datenverarbeitung im Rahmen eines Aufrufs unserer Webseite, bei einer Kontaktaufnahme \u00fcber unser auf der Webseite aufzufindendes Beitrittsformular sowie Kontaktaufnahmen per E-Mail, Post oder Telefon. Dar\u00fcber hinaus informieren wir Sie \u00fcber Ihre Rechte im Hinblick auf die Verarbeitung Ihrer Daten.<\/span><\/p>\n<h2><b>1.&nbsp; &nbsp; &nbsp; &nbsp; &nbsp; Geltungsbereich&nbsp;<\/b><\/h2>\n<p><span style=\"font-weight: 400;\">Diese Datenschutzerkl\u00e4rung gilt f\u00fcr die Webseite&nbsp;<\/span><b>https:\/\/www.kartellrechtsforum-frankfurt.de<\/b><span style=\"font-weight: 400;\">&nbsp;und f\u00fcr die \u00fcber diese Internetseiten erhobenen personenbezogenen Daten. F\u00fcr Internetseiten anderer Anbieter, auf die z.B. \u00fcber Links verwiesen wird, gelten die dortigen Datenschutzhinweise und -erkl\u00e4rungen. Wir haben unser Angebot so eingerichtet, dass personenbezogene Daten so sparsam wie m\u00f6glich verarbeitet werden.<\/span><\/p>\n<h2><b>2.&nbsp; &nbsp; &nbsp; &nbsp; &nbsp; Verantwortliche Stelle&nbsp;<\/b><\/h2>\n<p><span style=\"font-weight: 400;\">Verantwortlich im Sinne der EU Datenschutz-Grundverordnung (\u201eDSGVO\u201c) und des Bundesdatenschutzgesetzes (\u201eBDSG\u201c) im Hinblick auf<\/span> <span style=\"font-weight: 400;\">die Verarbeitung personenbezogener Daten auf unserer Webseite ist das<\/span><\/p>\n<p><span style=\"font-weight: 400;\">Kartellrechtsforum Frankfurt am Main e.V. <\/span><span style=\"font-weight: 400;\"><br><\/span><span style=\"font-weight: 400;\">c\/o&nbsp;Noerr Partnerschaftsgesellschaft mbB<br>B\u00f6rsenstra\u00dfe 1<br>60313 Frankfurt am Main<\/span><span style=\"font-weight: 400;\"><br><\/span><span style=\"font-weight: 400;\">Tel.: 069 971477 124<\/span><span style=\"font-weight: 400;\"><br><\/span><span style=\"font-weight: 400;\">E-Mail: <\/span><a href=\"mailto:vorstand@kartellrechtsforum-frankfurt.de\"><span style=\"font-weight: 400;\">vorstand@kartellrechtsforum-frankfurt.de<\/span><\/a><span style=\"font-weight: 400;\">.&nbsp;<\/span><\/p>\n<p><span style=\"font-weight: 400;\">Ein Datenschutzbeauftragter ist nicht zu bestellen und wurde daher nicht benannt.&nbsp;<\/span><\/p>\n<h2><b>3.&nbsp; &nbsp; &nbsp; &nbsp; &nbsp; Unser Umgang mit Ihren Daten bei der Nutzung unserer Webseite<\/b><\/h2>\n<p><span style=\"font-weight: 400;\">Die Nutzung der Webseite und ihrer Funktionen erfordert regelm\u00e4\u00dfig die folgenden Verarbeitungen bestimmter personenbezogenen Daten im Sinne von Art. 4 DSGVO:<\/span><\/p>\n<h2><b>3.1.&nbsp; &nbsp; &nbsp; &nbsp; Informatorische Nutzung der Webseite<\/b><\/h2>\n<p><span style=\"font-weight: 400;\">Wir nutzen Ihre personenbezogenen Daten ausschlie\u00dflich zum Zweck der Bereitstellung unserer Webseite, zur allgemeinen Information \u00fcber Veranstaltungen, Weitergabe von Informationen aus Veranstaltungen und zur Beantwortung etwaiger Anfragen.<\/span><\/p>\n<p><span style=\"font-weight: 400;\">Wenn Sie unsere Webseite aufrufen und informatorisch nutzen, kann die Webseite automatisch bestimmte personenbezogene Daten pseudonymisiert erheben, verarbeiten und speichern, wodurch kein R\u00fcckschluss auf Ihre Person m\u00f6glich ist.&nbsp;<\/span><\/p>\n<p><span style=\"font-weight: 400;\">Dabei handelt es sich um Ger\u00e4te- und Nutzungsinformationen, die (i) spezifische Informationen \u00fcber das f\u00fcr den Zugriff auf die Webseite verwendete Ger\u00e4t (einschlie\u00dflich Modell, Betriebssystem, IP-Adresse, Sprache und \u00e4hnliche Informationen) und (ii) Informationen \u00fcber die Verwendung von Features, Funktionen oder Benachrichtigungen auf dem Ger\u00e4t enthalten k\u00f6nnen, um Sie wiederzuerkennen und ggf. Trends zu analysieren.&nbsp;<\/span><\/p>\n<p><span style=\"font-weight: 400;\">Rechtsgrundlage hierf\u00fcr sind unsere berechtigten Interessen (Art. 6 Abs. 1 lit. f) DSGVO): die \u00dcberwachung und Aufrechterhaltung der Leistungsf\u00e4higkeit sowie Verbesserung der Webseite.<\/span><\/p>\n<h2><b>3.2.&nbsp; &nbsp; &nbsp; &nbsp; Kontaktaufnahme per Formular&nbsp;<\/b><\/h2>\n<p><span style=\"font-weight: 400;\">Wir freuen uns, wenn Sie bei uns Mitglied werden m\u00f6chten. F\u00fcr die Mitgliedsaufnahme verwenden Sie bitte das hierf\u00fcr auf unserer Webseite vorgesehene Beitrittsformular. Dieses f\u00fcllen Sie bitte aus, unterschreiben die auf dem Formular hinterlassene Datenschutzerkl\u00e4rung und versenden es per Email an den Vorstand des KartellrechtsForum Frankfurt am Main e.V. unter <\/span><a href=\"mailto:vorstand@kartellrechtsforum-frankfurt.de\"><span style=\"font-weight: 400;\">vorstand@kartellrechtsforum-frankfurt.de<\/span><\/a><span style=\"font-weight: 400;\">.<\/span><span style=\"font-weight: 400;\">&nbsp;<\/span><\/p>\n<p><span style=\"font-weight: 400;\">Dabei verarbeiten wir Ihre Daten gem\u00e4\u00df Art. 6 Abs. 1 lit. b) DSGVO zur Erf\u00fcllung des jeweiligen Vertrages (Mitgliedschaft) oder zur Durchf\u00fchrung vorvertraglicher Ma\u00dfnahmen (Kontaktanfragen, Informationsaustausch) mit Ihnen.<\/span><\/p>\n<p><span style=\"font-weight: 400;\">Die Angabe Ihrer personenbezogenen Daten (u.a. Vor- und Nachnamen, Geburtsdatum, Adresse, Emailadresse, Telefon, Funktion im Verein) ist erforderlich, um die Mitgliedschaft begr\u00fcnden und Ihre etwaigen Anfragen bearbeiten zu k\u00f6nnen.&nbsp;<\/span><\/p>\n<p><span style=\"font-weight: 400;\">Die Daten werden im satzungsgem\u00e4\u00dfen Aufnahmeverfahren dem Vorstand zur Entscheidung vorgelegt. Die Best\u00e4tigung der Aufnahme als Mitglied erhalten Sie per Email. Nach der Aufnahme werden die Mitgliedsdaten in einer verschl\u00fcsselten Datenbank gespeichert.<\/span><\/p>\n<p><span style=\"font-weight: 400;\">Wenn Sie diese Daten nicht bereitstellen, k\u00f6nnen wir Ihre Anfrage nicht beantworten.&nbsp;<\/span><\/p>\n<p><span style=\"font-weight: 400;\">Es erfolgt keine Weitergabe dieser personenbezogenen Daten an Dritte.<\/span><\/p>\n<h2><b>3.3.&nbsp; &nbsp; &nbsp; &nbsp; Newsletter \u2013 Mitgliederverteiler<\/b><\/h2>\n<p><span style=\"font-weight: 400;\">Unsere Mitglieder k\u00f6nnen sich in den Email-Verteiler des Kartellrechtsforum Frankfurt e.V. aufnehmen lassen, den der Vorstand nutzt, um von Zeit zu Zeit wichtige Nachrichten mitzuteilen, insbesondere \u00fcber anstehende Veranstaltungen zu informieren. Sie k\u00f6nnen sich jederzeit durch einfache Mail an <\/span><a href=\"mailto:vorstand@kartellrechtsforum-frankfurt.de\"><span style=\"font-weight: 400;\">vorstand@kartellrechtsforum-frankfurt.de<\/span><\/a><span style=\"font-weight: 400;\"> austragen lassen.<\/span><\/p>\n<h2><b>3.4.&nbsp; &nbsp; &nbsp; &nbsp; Kontaktaufnahme per Email, Brief und Telefax<\/b><\/h2>\n<p><span style=\"font-weight: 400;\">Sofern Sie uns eine Email, einen Brief oder ein Telefax \u00fcbermitteln, werden die von Ihnen \u00fcbermittelten Daten (z.B. Name, Vorname, Anschrift, etc.) und die in der E-Mail, im Brief bzw. Telefax enthaltenen Informationen nebst von Ihnen \u00fcbermittelten ggf. personenbezogenen Daten zum Zwecke der Kontaktaufnahme und Bearbeitung Ihres Anliegens gespeichert.<\/span><\/p>\n<p><span style=\"font-weight: 400;\">Die Rechtsgrundlage f\u00fcr die Verarbeitung personenbezogener Daten im Rahmen uns \u00fcbermittelter Emails, Briefe und Telefaxe ist Art. 6 Abs. 1 lit. b) bzw. lit. f) DSGVO.<\/span><\/p>\n<h2><b>3.5.&nbsp; &nbsp; &nbsp; &nbsp; Sicherheitsma\u00dfnahmen<\/b><\/h2>\n<p><span style=\"font-weight: 400;\">Wir \u00fcberwachen die Nutzung unserer Webseite und nutzen Ihre Daten, um unsere Webseite sowohl online als auch offline zu \u00fcberwachen, zu verbessern und zu sch\u00fctzen.<\/span><\/p>\n<p><span style=\"font-weight: 400;\">Zum Schutz der Daten, die ben\u00f6tigt werden oder uns von Ihnen \u00fcbermittelt werden, ergreifen wir nach dem Stand der Technik wirksame Sicherheitsma\u00dfnahmen, um die Vertraulichkeit sicherzustellen. Wenn Sie unsere Webseite aufrufen, wird die \u00dcbertragung verschl\u00fcsselt.&nbsp;<\/span><\/p>\n<p><span style=\"font-weight: 400;\">Je nach Aufgabengebiet k\u00f6nnen Vorstandsmitglieder auf personenbezogene Daten zugreifen. Alle sind ausdr\u00fccklich auf den sicheren und vertraulichen Umgang verpflichtet.<\/span><\/p>\n<h2><b>3.6.&nbsp; &nbsp; &nbsp; &nbsp; Cookies<\/b><\/h2>\n<p><span style=\"font-weight: 400;\">Auf unserer Webseite werden sogenannte Cookies eingesetzt. Dies geschieht jedoch nur f\u00fcr die Nutzungsdauer, damit das Webseite-Verhalten optimal auf den jeweiligen Nutzer angepasst werden kann.&nbsp;<\/span><\/p>\n<p><span style=\"font-weight: 400;\">Cookies sind kleine Textdateien, die zwischen Webbrowser und dem Hosting-Server ausgetauscht werden. Cookies werden auf dem Rechner des Nutzers gespeichert und von diesem an unsere Seite \u00fcbermittelt. In dem jeweils genutzten Webbrowser k\u00f6nnen Sie die Verwendung von Cookies durch eine entsprechende Einstellung einschr\u00e4nken oder grunds\u00e4tzlich verhindern. Bereits gespeicherte Cookies k\u00f6nnen jederzeit gel\u00f6scht werden. Werden Cookies f\u00fcr unsere Webseite deaktiviert, kann dies dazu f\u00fchren, dass die Webseite nicht im kompletten Umfang angezeigt oder verwendet werden kann.<\/span><\/p>\n<p><span style=\"font-weight: 400;\">Sofern wir die Nutzer um eine Einwilligung in den Einsatz von Cookies bitten (z.B. im Rahmen einer Cookie-Einwilligung), ist die Rechtsgrundlage dieser Verarbeitung Art. 6 Abs. 1 lit. a) DSGVO. Ansonsten werden die personenbezogenen Cookies der Nutzer im Rahmen dieser Datenschutzerkl\u00e4rung auf Grundlage unseres berechtigten Interesses an einem ordnungsgem\u00e4\u00dfen Funktionieren, der Bereitstellung und Verbesserung der Webseite verarbeitet.<\/span><\/p>\n<h2><b>3.7.&nbsp; &nbsp; &nbsp; &nbsp; Dauer der Speicherung personenbezogener Daten<\/b><\/h2>\n<p><span style=\"font-weight: 400;\">Das Kriterium f\u00fcr die Dauer der Speicherung von personenbezogenen Daten ist die jeweilige gesetzliche Aufbewahrungsfrist.&nbsp;<\/span><\/p>\n<p><span style=\"font-weight: 400;\">Nach Ablauf der Frist werden die entsprechenden Daten gel\u00f6scht, sofern sie nicht mehr zur Zweckerreichung, Vertragserf\u00fcllung oder Vertragsanbahnung erforderlich sind. Sofern die Daten nicht gel\u00f6scht werden, weil sie f\u00fcr andere und gesetzlich zul\u00e4ssige Zwecke erforderlich sind, wird deren Verarbeitung eingeschr\u00e4nkt, d.h. die Daten werden gesperrt und nicht f\u00fcr andere Zwecke verarbeitet. Das gilt z.B. f\u00fcr Daten, die aus handels- oder steuerrechtlichen Gr\u00fcnden aufbewahrt werden m\u00fcssen.<\/span><\/p>\n<h2><b>4.&nbsp; &nbsp; &nbsp; &nbsp; &nbsp; Empf\u00e4nger personenbezogener Daten<\/b><\/h2>\n<p><span style=\"font-weight: 400;\">Das Kartellrechtsforum Frankfurt am Main e.V. kann externe Dienstleister, die als unsere Auftragsverarbeiter fungieren, damit beauftragen, bestimmte Dienstleistungen f\u00fcr uns zu erbringen, wie z.B. Email-Dienstleister, Webseite-Dienstleister oder IT-Supportdienstleister. Bei der Erbringung solcher Dienstleistungen k\u00f6nnen die externen Dienstleister Zugriff auf Ihre personenbezogenen Daten haben oder diese verarbeiten.<\/span><\/p>\n<p><span style=\"font-weight: 400;\">Eingesetzte externe Dienstleister sind aufgrund mit ihnen abgeschlossener Vertr\u00e4ge zur Auftragsverarbeitung verpflichtet, angemessene technische und organisatorische Sicherheitsma\u00dfnahmen zum Schutz der verarbeiteten personenbezogenen Daten zu treffen und die personenbezogenen Daten nur auftragsgem\u00e4\u00df zu verarbeiten.<\/span><\/p>\n<p><span style=\"font-weight: 400;\">Sofern wir im Rahmen unserer Verarbeitung Daten anderen Personen und Unternehmen offenbaren, sie an diese \u00fcbermitteln oder ihnen sonst Zugriff auf die Daten gew\u00e4hren, erfolgt dies auf Grundlage einer gesetzlichen Erlaubnis (z.B. wenn eine \u00dcbermittlung der Daten an Dritte gem.&nbsp;Art.\u2005<\/span><a href=\"https:\/\/beck-online.beck.de\/?typ=reference&amp;y=100&amp;a=6&amp;g=EWG_DSGVO\"><span style=\"font-weight: 400;\">6<\/span><\/a><span style=\"font-weight: 400;\">&nbsp;Abs.\u2005<\/span><a href=\"https:\/\/beck-online.beck.de\/?typ=reference&amp;y=100&amp;a=6&amp;g=EWG_DSGVO&amp;x=1\"><span style=\"font-weight: 400;\">1<\/span><\/a><span style=\"font-weight: 400;\">&nbsp;lit.\u2005b) DSGVO&nbsp;zur Vertragserf\u00fcllung erforderlich ist), wenn die Betroffenen eingewilligt haben oder eine rechtliche Verpflichtung dies vorsieht.<\/span><\/p>\n<p><span style=\"font-weight: 400;\">Falls wir von Verwaltungs- oder Strafverfolgungsbeh\u00f6rden dazu aufgefordert werden, \u00fcbermitteln wir diesen personenbezogene Daten, soweit dies gesetzlich vorgeschrieben oder falls dies f\u00fcr den Schutz unserer berechtigten Interessen gem\u00e4\u00df den geltenden Gesetzen erforderlich ist.&nbsp;<\/span><\/p>\n<h2><b>5.&nbsp; &nbsp; &nbsp; &nbsp; &nbsp; &nbsp;Ihre Rechte<\/b><\/h2>\n<h2>5.1.&nbsp; &nbsp; &nbsp; &nbsp; Recht auf Auskunft<\/h2>\n<p><span style=\"font-weight: 400;\">Sie k\u00f6nnen Auskunft \u00fcber Ihre von uns verarbeiteten personenbezogenen Daten verlangen (Art. 15 DSGVO). In Ihrem Auskunftsantrag sollten Sie Ihr Anliegen pr\u00e4zisieren, um uns das Zusammenstellen der erforderlichen Daten zu erleichtern.&nbsp;<\/span><\/p>\n<h2><b>5.2.&nbsp; &nbsp; &nbsp; &nbsp; Recht auf Berichtigung<\/b><\/h2>\n<p><span style=\"font-weight: 400;\">Sollten die Sie betreffenden Angaben nicht (mehr) zutreffend sein, k\u00f6nnen Sie eine Berichtigung verlangen (Art. 16 DSGVO). Sollten Ihre Daten unvollst\u00e4ndig sein, k\u00f6nnen Sie eine Vervollst\u00e4ndigung verlangen.<\/span><\/p>\n<h2><b>5.3.&nbsp; &nbsp; &nbsp; &nbsp; Recht auf L\u00f6schung<\/b><\/h2>\n<p><span style=\"font-weight: 400;\">Sie k\u00f6nnen unter den Bedingungen des Art. 17 DSGVO die L\u00f6schung Ihrer personenbezogenen Daten verlangen. Ihr Anspruch auf L\u00f6schung h\u00e4ngt u.a. davon ab, ob die Sie betreffenden Daten von uns zur Erf\u00fcllung gesetzlicher Verpflichtungen (wie z.B. die Erf\u00fcllung von gesetzlichen Aufbewahrungspflichten) oder zur Vertragserf\u00fcllung noch ben\u00f6tigt werden.<\/span><\/p>\n<h2><b>5.4.&nbsp; &nbsp; &nbsp; &nbsp; Recht auf Einschr\u00e4nkung der Verarbeitung<\/b><\/h2>\n<p><span style=\"font-weight: 400;\">Sie haben im Rahmen der Vorgaben des Art. 18 DSGVO das Recht, eine Einschr\u00e4nkung der Verarbeitung der Sie betreffenden Daten zu verlangen.<\/span><\/p>\n<h2><b>5.5&nbsp; &nbsp; &nbsp; &nbsp; Recht auf Widerspruch<\/b><\/h2>\n<p><span style=\"font-weight: 400;\">Sie haben nach Art. 21 DSGVO das Recht, aus Gr\u00fcnden, die sich aus Ihrer besonderen Situation ergeben, jederzeit der Verarbeitung der Sie betreffenden Daten zu widersprechen. Allerdings k\u00f6nnen wir dem nicht immer nachkommen, z.B. wenn uns eine Rechtsvorschrift zur Verarbeitung verpflichtet. Zudem haben Sie das Recht einer werblichen Nutzung ihrer personenbezogenen Daten zu widersprechen.<\/span><\/p>\n<h2><b>5.6.&nbsp; &nbsp; &nbsp; &nbsp; Widerrufsrecht&nbsp;<\/b><\/h2>\n<p><span style=\"font-weight: 400;\">Sie haben das Recht, ihre datenschutzrechtliche Einwilligungserkl\u00e4rung jederzeit zu widerrufen (Art. 7 Abs. 3 DSGVO). Durch den Widerruf der Einwilligung wird die Rechtm\u00e4\u00dfigkeit der bisher erfolgten Verarbeitung nicht ber\u00fchrt.<\/span><\/p>\n<h2><b>5.7.&nbsp; &nbsp; &nbsp; &nbsp; Recht auf Beschwerde<\/b><\/h2>\n<p><span style=\"font-weight: 400;\">Wenn Sie der Auffassung sind, dass wir bei der Verarbeitung Ihrer Daten datenschutzrechtliche Vorschriften nicht beachtet haben, k\u00f6nnen Sie sich mit einer Beschwerde an die zust\u00e4ndige Datenschutzaufsichtsbeh\u00f6rde wenden. Das ist in unserem Fall der Hessische Beauftragte f\u00fcr Datenschutz und Informationsfreiheit (<\/span><a href=\"https:\/\/datenschutz.hessen.de\"><span style=\"font-weight: 400;\">https:\/\/datenschutz.hessen.de<\/span><\/a><span style=\"font-weight: 400;\">).&nbsp;<\/span><\/p>\n<h2><b>6.&nbsp; &nbsp; &nbsp; &nbsp; &nbsp; Wie k\u00f6nnen Sie uns kontaktieren?<\/b><\/h2>\n<p><span style=\"font-weight: 400;\">Wir hoffen, dass wir Ihre Fragen zur Verarbeitung Ihrer Daten beantworten konnten. Wenn Sie Bedenken oder weitere Fragen hinsichtlich der Verarbeitung Ihrer Daten haben, k\u00f6nnen Sie sich unter der oben angegebenen Adresse und Email-Adresse an uns wenden.<\/span><\/p>\n<pre style=\"text-align: center;\">&nbsp;<\/pre>\t\t\t\t\t\t\t\t<\/div>\n\t\t\t\t<\/div>\n\t\t\t\t\t<\/div>\n\t\t<\/div>\n\t\t\t\t\t<\/div>\n\t\t<\/section>\n\t\t\t\t<\/div>\n\t\t","protected":false},"excerpt":{"rendered":"<p>Datenschutzerkl\u00e4rung des Kartellrechtsforum Frankfurt e.V. Das Kartellrechtsforum Frankfurt am Main e.V. freut sich \u00fcber Ihren Besuch auf unserer Webseite. Der Schutz Ihrer Privatsph\u00e4re und personenbezogenen Daten der Nutzer sowie die diesem Schutz dienenden gesetzlichen Verpflichtungen nehmen wir sehr ernst. Die nachfolgende Datenschutzerkl\u00e4rung kl\u00e4rt Sie daher in allgemeiner Weise \u00fcber die Art, den Umfang und den [&hellip;]<\/p>\n","protected":false},"author":1,"featured_media":0,"parent":0,"menu_order":0,"comment_status":"closed","ping_status":"closed","template":"","meta":{"ocean_post_layout":"","ocean_both_sidebars_style":"","ocean_both_sidebars_content_width":0,"ocean_both_sidebars_sidebars_width":0,"ocean_sidebar":"","ocean_second_sidebar":"","ocean_disable_margins":"enable","ocean_add_body_class":"","ocean_shortcode_before_top_bar":"","ocean_shortcode_after_top_bar":"","ocean_shortcode_before_header":"","ocean_shortcode_after_header":"","ocean_has_shortcode":"","ocean_shortcode_after_title":"","ocean_shortcode_before_footer_widgets":"","ocean_shortcode_after_footer_widgets":"","ocean_shortcode_before_footer_bottom":"","ocean_shortcode_after_footer_bottom":"","ocean_display_top_bar":"default","ocean_display_header":"default","ocean_header_style":"","ocean_center_header_left_menu":"","ocean_custom_header_template":"","ocean_custom_logo":0,"ocean_custom_retina_logo":0,"ocean_custom_logo_max_width":0,"ocean_custom_logo_tablet_max_width":0,"ocean_custom_logo_mobile_max_width":0,"ocean_custom_logo_max_height":0,"ocean_custom_logo_tablet_max_height":0,"ocean_custom_logo_mobile_max_height":0,"ocean_header_custom_menu":"","ocean_menu_typo_font_family":"","ocean_menu_typo_font_subset":"","ocean_menu_typo_font_size":0,"ocean_menu_typo_font_size_tablet":0,"ocean_menu_typo_font_size_mobile":0,"ocean_menu_typo_font_size_unit":"px","ocean_menu_typo_font_weight":"","ocean_menu_typo_font_weight_tablet":"","ocean_menu_typo_font_weight_mobile":"","ocean_menu_typo_transform":"","ocean_menu_typo_transform_tablet":"","ocean_menu_typo_transform_mobile":"","ocean_menu_typo_line_height":0,"ocean_menu_typo_line_height_tablet":0,"ocean_menu_typo_line_height_mobile":0,"ocean_menu_typo_line_height_unit":"","ocean_menu_typo_spacing":0,"ocean_menu_typo_spacing_tablet":0,"ocean_menu_typo_spacing_mobile":0,"ocean_menu_typo_spacing_unit":"","ocean_menu_link_color":"","ocean_menu_link_color_hover":"","ocean_menu_link_color_active":"","ocean_menu_link_background":"","ocean_menu_link_hover_background":"","ocean_menu_link_active_background":"","ocean_menu_social_links_bg":"","ocean_menu_social_hover_links_bg":"","ocean_menu_social_links_color":"","ocean_menu_social_hover_links_color":"","ocean_disable_title":"default","ocean_disable_heading":"default","ocean_post_title":"","ocean_post_subheading":"","ocean_post_title_style":"","ocean_post_title_background_color":"","ocean_post_title_background":0,"ocean_post_title_bg_image_position":"","ocean_post_title_bg_image_attachment":"","ocean_post_title_bg_image_repeat":"","ocean_post_title_bg_image_size":"","ocean_post_title_height":0,"ocean_post_title_bg_overlay":0.5,"ocean_post_title_bg_overlay_color":"","ocean_disable_breadcrumbs":"default","ocean_breadcrumbs_color":"","ocean_breadcrumbs_separator_color":"","ocean_breadcrumbs_links_color":"","ocean_breadcrumbs_links_hover_color":"","ocean_display_footer_widgets":"default","ocean_display_footer_bottom":"default","ocean_custom_footer_template":"","footnotes":""},"class_list":["post-558","page","type-page","status-publish","hentry","entry"],"_links":{"self":[{"href":"https:\/\/kartellrechtsforum-frankfurt.de\/index.php?rest_route=\/wp\/v2\/pages\/558","targetHints":{"allow":["GET"]}}],"collection":[{"href":"https:\/\/kartellrechtsforum-frankfurt.de\/index.php?rest_route=\/wp\/v2\/pages"}],"about":[{"href":"https:\/\/kartellrechtsforum-frankfurt.de\/index.php?rest_route=\/wp\/v2\/types\/page"}],"author":[{"embeddable":true,"href":"https:\/\/kartellrechtsforum-frankfurt.de\/index.php?rest_route=\/wp\/v2\/users\/1"}],"replies":[{"embeddable":true,"href":"https:\/\/kartellrechtsforum-frankfurt.de\/index.php?rest_route=%2Fwp%2Fv2%2Fcomments&post=558"}],"version-history":[{"count":17,"href":"https:\/\/kartellrechtsforum-frankfurt.de\/index.php?rest_route=\/wp\/v2\/pages\/558\/revisions"}],"predecessor-version":[{"id":947,"href":"https:\/\/kartellrechtsforum-frankfurt.de\/index.php?rest_route=\/wp\/v2\/pages\/558\/revisions\/947"}],"wp:attachment":[{"href":"https:\/\/kartellrechtsforum-frankfurt.de\/index.php?rest_route=%2Fwp%2Fv2%2Fmedia&parent=558"}],"curies":[{"name":"wp","href":"https:\/\/api.w.org\/{rel}","templated":true}]}}