{"id":52,"date":"2019-06-27T20:52:33","date_gmt":"2019-06-27T20:52:33","guid":{"rendered":"http:\/\/beta.kartellrechtsforum-frankfurt.de\/?page_id=52"},"modified":"2025-05-22T12:12:45","modified_gmt":"2025-05-22T12:12:45","slug":"members","status":"publish","type":"page","link":"https:\/\/kartellrechtsforum-frankfurt.de\/?page_id=52","title":{"rendered":"\u00dcber den Verein"},"content":{"rendered":"\t\t<div data-elementor-type=\"wp-post\" data-elementor-id=\"52\" class=\"elementor elementor-52\" data-elementor-post-type=\"page\">\n\t\t\t\t\t\t<section class=\"elementor-section elementor-top-section elementor-element elementor-element-a686449 elementor-section-full_width elementor-section-height-default elementor-section-height-default\" data-id=\"a686449\" data-element_type=\"section\" data-settings=\"{&quot;background_background&quot;:&quot;classic&quot;}\">\n\t\t\t\t\t\t\t<div class=\"elementor-background-overlay\"><\/div>\n\t\t\t\t\t\t\t<div class=\"elementor-container elementor-column-gap-default\">\n\t\t\t\t\t<div class=\"elementor-column elementor-col-100 elementor-top-column elementor-element elementor-element-bf63345\" data-id=\"bf63345\" data-element_type=\"column\">\n\t\t\t<div class=\"elementor-widget-wrap elementor-element-populated\">\n\t\t\t\t\t\t<div class=\"elementor-element elementor-element-142b661 elementor-widget elementor-widget-text-editor\" data-id=\"142b661\" data-element_type=\"widget\" data-widget_type=\"text-editor.default\">\n\t\t\t\t<div class=\"elementor-widget-container\">\n\t\t\t\t\t\t\t\t\t<p>\u00dcber den Verein<\/p>\t\t\t\t\t\t\t\t<\/div>\n\t\t\t\t<\/div>\n\t\t\t\t\t<\/div>\n\t\t<\/div>\n\t\t\t\t\t<\/div>\n\t\t<\/section>\n\t\t\t\t<section class=\"elementor-section elementor-top-section elementor-element elementor-element-037a0ee elementor-section-boxed elementor-section-height-default elementor-section-height-default\" data-id=\"037a0ee\" data-element_type=\"section\">\n\t\t\t\t\t\t<div class=\"elementor-container elementor-column-gap-default\">\n\t\t\t\t\t<div class=\"elementor-column elementor-col-100 elementor-top-column elementor-element elementor-element-44edd60\" data-id=\"44edd60\" data-element_type=\"column\">\n\t\t\t<div class=\"elementor-widget-wrap elementor-element-populated\">\n\t\t\t\t\t\t<div class=\"elementor-element elementor-element-c7d6bef elementor-widget__width-initial elementor-widget elementor-widget-text-editor\" data-id=\"c7d6bef\" data-element_type=\"widget\" data-widget_type=\"text-editor.default\">\n\t\t\t\t<div class=\"elementor-widget-container\">\n\t\t\t\t\t\t\t\t\t<p align=\"justify\"><span style=\"font-size: 18px; text-align: center;\">Das Kartellrechtsforum Frankfurt am Main wurde im Dezember 2007 gegr\u00fcndet und verfolgt Zwecke der Wissenschaft und Forschung im Bereich des deutschen und europ\u00e4ischen Kartellrechts.<\/span><\/p><p align=\"justify\"><span style=\"font-size: 18px; text-align: center;\">Grunds\u00e4tzliche Fragen und konkrete Vorg\u00e4nge im deutschen und europ\u00e4ischen Kartellrecht sollen methodisch nach sachlichen Gesichtspunkten und unter Zuhilfenahme wissenschaftlicher Methoden erforscht, begr\u00fcndet und in einen Verst\u00e4ndniszusammenhang gebracht werden.<\/span><\/p><p style=\"text-align: left;\">Die wissenschaftlichen Zwecke wird der Verein insbesondere durch folgende Ma\u00dfnahmen verfolgen:<\/p><ul><li style=\"text-align: left;\">Durchf\u00fchrung von regelm\u00e4\u00dfigen Vortragsveranstaltungen zu aktuellen Themen des deutschen und europ\u00e4ischen Kartellrechts, im Rahmen derer die Vortragenden die Ergebnisse ihrer wissenschaftlichen Untersuchungen zu kartellrechtlichen Fragestellungen pr\u00e4sentieren und er\u00f6rtern;<\/li><li style=\"text-align: left;\">Stellungnahmen zu Gesetzesvorhaben in Deutschland und auf der Ebene der EU, etwa in Form einer \u00f6ffentlich zug\u00e4nglichen Kommentierung von Gr\u00fcn- und Wei\u00dfb\u00fcchern der Europ\u00e4ischen Kommission oder Gesetzesentw\u00fcrfen in Deutschland;<\/li><li style=\"text-align: left;\">F\u00f6rderung von Publikationen des wissenschaftlichen Nachwuchses zu kartellrechtlichen Themen, etwa in Form von Preisen, Stipendien oder Druckkostenzusch\u00fcssen;<\/li><li style=\"text-align: left;\">Durchf\u00fchrung von regelm\u00e4\u00dfigen Veranstaltungen zum Erfahrungsaustausch unter Kartellrechtlern.<\/li><\/ul><p style=\"text-align: justify;\">An den Treffen des Kartellrechtsforums k\u00f6nnen neben den ordentlichen Mitgliedern des Vereins selbstverst\u00e4ndlich auf Einladung auch G\u00e4ste teilnehmen.\u00a0<\/p><p style=\"text-align: justify;\">Gleichwohl freuen wir uns \u00fcber jedes neue Mitglied! Weitere Informationen und\u00a0die Vereinssatzung finden Sie unter &#8222;Mitgliedschaft&#8220;.<\/p>\t\t\t\t\t\t\t\t<\/div>\n\t\t\t\t<\/div>\n\t\t\t\t<div class=\"elementor-element elementor-element-c83b24e elementor-align-center elementor-widget elementor-widget-button\" data-id=\"c83b24e\" data-element_type=\"widget\" data-widget_type=\"button.default\">\n\t\t\t\t<div class=\"elementor-widget-container\">\n\t\t\t\t\t\t\t\t\t<div class=\"elementor-button-wrapper\">\n\t\t\t\t\t<a class=\"elementor-button elementor-button-link elementor-size-md elementor-animation-push\" href=\"http:\/\/kartellrechtsforum-frankfurt.de\/?page_id=212\">\n\t\t\t\t\t\t<span class=\"elementor-button-content-wrapper\">\n\t\t\t\t\t\t\t\t\t<span class=\"elementor-button-text\">Mitglied werden!<\/span>\n\t\t\t\t\t<\/span>\n\t\t\t\t\t<\/a>\n\t\t\t\t<\/div>\n\t\t\t\t\t\t\t\t<\/div>\n\t\t\t\t<\/div>\n\t\t\t\t\t<\/div>\n\t\t<\/div>\n\t\t\t\t\t<\/div>\n\t\t<\/section>\n\t\t\t\t<section class=\"elementor-section elementor-top-section elementor-element elementor-element-a3b02a1 elementor-section-boxed elementor-section-height-default elementor-section-height-default\" data-id=\"a3b02a1\" data-element_type=\"section\">\n\t\t\t\t\t\t<div class=\"elementor-container elementor-column-gap-default\">\n\t\t\t\t\t<div class=\"elementor-column elementor-col-100 elementor-top-column elementor-element elementor-element-4685fc0\" data-id=\"4685fc0\" data-element_type=\"column\">\n\t\t\t<div class=\"elementor-widget-wrap elementor-element-populated\">\n\t\t\t\t\t\t<div class=\"elementor-element elementor-element-b46ab0a elementor-widget elementor-widget-text-editor\" data-id=\"b46ab0a\" data-element_type=\"widget\" data-widget_type=\"text-editor.default\">\n\t\t\t\t<div class=\"elementor-widget-container\">\n\t\t\t\t\t\t\t\t\t<p>Vorstand<\/p>\t\t\t\t\t\t\t\t<\/div>\n\t\t\t\t<\/div>\n\t\t\t\t<div class=\"elementor-element elementor-element-f27a027 elementor-widget-divider--view-line elementor-widget elementor-widget-divider\" data-id=\"f27a027\" data-element_type=\"widget\" data-widget_type=\"divider.default\">\n\t\t\t\t<div class=\"elementor-widget-container\">\n\t\t\t\t\t\t\t<div class=\"elementor-divider\">\n\t\t\t<span class=\"elementor-divider-separator\">\n\t\t\t\t\t\t<\/span>\n\t\t<\/div>\n\t\t\t\t\t\t<\/div>\n\t\t\t\t<\/div>\n\t\t\t\t<section class=\"elementor-section elementor-inner-section elementor-element elementor-element-00226cd elementor-section-boxed elementor-section-height-default elementor-section-height-default\" data-id=\"00226cd\" data-element_type=\"section\">\n\t\t\t\t\t\t<div class=\"elementor-container elementor-column-gap-default\">\n\t\t\t\t\t<div class=\"elementor-column elementor-col-50 elementor-inner-column elementor-element elementor-element-6732347\" data-id=\"6732347\" data-element_type=\"column\">\n\t\t\t<div class=\"elementor-widget-wrap elementor-element-populated\">\n\t\t\t\t\t\t<div class=\"elementor-element elementor-element-1ab2f72 members-image elementor-position-top elementor-widget elementor-widget-image-box\" data-id=\"1ab2f72\" data-element_type=\"widget\" data-widget_type=\"image-box.default\">\n\t\t\t\t<div class=\"elementor-widget-container\">\n\t\t\t\t\t<div class=\"elementor-image-box-wrapper\"><figure class=\"elementor-image-box-img\"><img decoding=\"async\" width=\"150\" height=\"150\" src=\"https:\/\/kartellrechtsforum-frankfurt.de\/wp-content\/uploads\/2023\/01\/badtke_fabian_136_mK_web-150x150.jpg\" class=\"attachment-thumbnail size-thumbnail wp-image-828\" alt=\"\" srcset=\"https:\/\/kartellrechtsforum-frankfurt.de\/wp-content\/uploads\/2023\/01\/badtke_fabian_136_mK_web-150x150.jpg 150w, https:\/\/kartellrechtsforum-frankfurt.de\/wp-content\/uploads\/2023\/01\/badtke_fabian_136_mK_web-600x600.jpg 600w\" sizes=\"(max-width: 150px) 100vw, 150px\" \/><\/figure><div class=\"elementor-image-box-content\"><h3 class=\"elementor-image-box-title\">Dr. Fabian Badtke<\/h3><p class=\"elementor-image-box-description\">Noerr<\/p><\/div><\/div>\t\t\t\t<\/div>\n\t\t\t\t<\/div>\n\t\t\t\t<div class=\"elementor-element elementor-element-9b5961f members-image elementor-position-top elementor-widget elementor-widget-image-box\" data-id=\"9b5961f\" data-element_type=\"widget\" data-widget_type=\"image-box.default\">\n\t\t\t\t<div class=\"elementor-widget-container\">\n\t\t\t\t\t<div class=\"elementor-image-box-wrapper\"><figure class=\"elementor-image-box-img\"><img decoding=\"async\" width=\"150\" height=\"150\" src=\"https:\/\/kartellrechtsforum-frankfurt.de\/wp-content\/uploads\/2025\/05\/grafunder_rene-150x150.jpg\" class=\"attachment-thumbnail size-thumbnail wp-image-926\" alt=\"\" srcset=\"https:\/\/kartellrechtsforum-frankfurt.de\/wp-content\/uploads\/2025\/05\/grafunder_rene-150x150.jpg 150w, https:\/\/kartellrechtsforum-frankfurt.de\/wp-content\/uploads\/2025\/05\/grafunder_rene-600x600.jpg 600w\" sizes=\"(max-width: 150px) 100vw, 150px\" \/><\/figure><div class=\"elementor-image-box-content\"><h3 class=\"elementor-image-box-title\">Dr. Ren\u00e9 Grafunder<\/h3><p class=\"elementor-image-box-description\">Dentons<\/p><\/div><\/div>\t\t\t\t<\/div>\n\t\t\t\t<\/div>\n\t\t\t\t\t<\/div>\n\t\t<\/div>\n\t\t\t\t<div class=\"elementor-column elementor-col-50 elementor-inner-column elementor-element elementor-element-bc89ce3\" data-id=\"bc89ce3\" data-element_type=\"column\">\n\t\t\t<div class=\"elementor-widget-wrap elementor-element-populated\">\n\t\t\t\t\t\t<div class=\"elementor-element elementor-element-fe3f068 members-image elementor-position-top elementor-widget elementor-widget-image-box\" data-id=\"fe3f068\" data-element_type=\"widget\" data-widget_type=\"image-box.default\">\n\t\t\t\t<div class=\"elementor-widget-container\">\n\t\t\t\t\t<div class=\"elementor-image-box-wrapper\"><figure class=\"elementor-image-box-img\"><img decoding=\"async\" width=\"150\" height=\"150\" src=\"https:\/\/kartellrechtsforum-frankfurt.de\/wp-content\/uploads\/2025\/05\/Gey_Peter-150x150.jpg\" class=\"attachment-thumbnail size-thumbnail wp-image-935\" alt=\"\" srcset=\"https:\/\/kartellrechtsforum-frankfurt.de\/wp-content\/uploads\/2025\/05\/Gey_Peter-150x150.jpg 150w, https:\/\/kartellrechtsforum-frankfurt.de\/wp-content\/uploads\/2025\/05\/Gey_Peter-300x300.jpg 300w, https:\/\/kartellrechtsforum-frankfurt.de\/wp-content\/uploads\/2025\/05\/Gey_Peter-600x600.jpg 600w, https:\/\/kartellrechtsforum-frankfurt.de\/wp-content\/uploads\/2025\/05\/Gey_Peter.jpg 760w\" sizes=\"(max-width: 150px) 100vw, 150px\" \/><\/figure><div class=\"elementor-image-box-content\"><h3 class=\"elementor-image-box-title\">Dr. Peter Gey<\/h3><p class=\"elementor-image-box-description\">WilmerHale<\/p><\/div><\/div>\t\t\t\t<\/div>\n\t\t\t\t<\/div>\n\t\t\t\t<div class=\"elementor-element elementor-element-3fb3b6b members-image elementor-position-top elementor-widget elementor-widget-image-box\" data-id=\"3fb3b6b\" data-element_type=\"widget\" data-widget_type=\"image-box.default\">\n\t\t\t\t<div class=\"elementor-widget-container\">\n\t\t\t\t\t<div class=\"elementor-image-box-wrapper\"><figure class=\"elementor-image-box-img\"><img loading=\"lazy\" decoding=\"async\" width=\"150\" height=\"150\" src=\"https:\/\/kartellrechtsforum-frankfurt.de\/wp-content\/uploads\/2025\/05\/Kirchgessner_Saskia-150x150.jpg\" class=\"attachment-thumbnail size-thumbnail wp-image-924\" alt=\"\" srcset=\"https:\/\/kartellrechtsforum-frankfurt.de\/wp-content\/uploads\/2025\/05\/Kirchgessner_Saskia-150x150.jpg 150w, https:\/\/kartellrechtsforum-frankfurt.de\/wp-content\/uploads\/2025\/05\/Kirchgessner_Saskia-600x600.jpg 600w\" sizes=\"(max-width: 150px) 100vw, 150px\" \/><\/figure><div class=\"elementor-image-box-content\"><h3 class=\"elementor-image-box-title\">Dr. Saskia Kirchge\u00dfner<\/h3><p class=\"elementor-image-box-description\">Gleiss Lutz<\/p><\/div><\/div>\t\t\t\t<\/div>\n\t\t\t\t<\/div>\n\t\t\t\t\t<\/div>\n\t\t<\/div>\n\t\t\t\t\t<\/div>\n\t\t<\/section>\n\t\t\t\t\t<\/div>\n\t\t<\/div>\n\t\t\t\t\t<\/div>\n\t\t<\/section>\n\t\t\t\t<\/div>\n\t\t","protected":false},"excerpt":{"rendered":"<p>\u00dcber den Verein Das Kartellrechtsforum Frankfurt am Main wurde im Dezember 2007 gegr\u00fcndet und verfolgt Zwecke der Wissenschaft und Forschung im Bereich des deutschen und europ\u00e4ischen Kartellrechts. Grunds\u00e4tzliche Fragen und konkrete Vorg\u00e4nge im deutschen und europ\u00e4ischen Kartellrecht sollen methodisch nach sachlichen Gesichtspunkten und unter Zuhilfenahme wissenschaftlicher Methoden erforscht, begr\u00fcndet und in einen Verst\u00e4ndniszusammenhang gebracht werden. [&hellip;]<\/p>\n","protected":false},"author":1,"featured_media":0,"parent":0,"menu_order":0,"comment_status":"closed","ping_status":"closed","template":"elementor_header_footer","meta":{"ocean_post_layout":"","ocean_both_sidebars_style":"","ocean_both_sidebars_content_width":0,"ocean_both_sidebars_sidebars_width":0,"ocean_sidebar":"","ocean_second_sidebar":"","ocean_disable_margins":"enable","ocean_add_body_class":"","ocean_shortcode_before_top_bar":"","ocean_shortcode_after_top_bar":"","ocean_shortcode_before_header":"","ocean_shortcode_after_header":"","ocean_has_shortcode":"","ocean_shortcode_after_title":"","ocean_shortcode_before_footer_widgets":"","ocean_shortcode_after_footer_widgets":"","ocean_shortcode_before_footer_bottom":"","ocean_shortcode_after_footer_bottom":"","ocean_display_top_bar":"default","ocean_display_header":"default","ocean_header_style":"","ocean_center_header_left_menu":"","ocean_custom_header_template":"","ocean_custom_logo":0,"ocean_custom_retina_logo":0,"ocean_custom_logo_max_width":0,"ocean_custom_logo_tablet_max_width":0,"ocean_custom_logo_mobile_max_width":0,"ocean_custom_logo_max_height":0,"ocean_custom_logo_tablet_max_height":0,"ocean_custom_logo_mobile_max_height":0,"ocean_header_custom_menu":"","ocean_menu_typo_font_family":"","ocean_menu_typo_font_subset":"","ocean_menu_typo_font_size":0,"ocean_menu_typo_font_size_tablet":0,"ocean_menu_typo_font_size_mobile":0,"ocean_menu_typo_font_size_unit":"px","ocean_menu_typo_font_weight":"","ocean_menu_typo_font_weight_tablet":"","ocean_menu_typo_font_weight_mobile":"","ocean_menu_typo_transform":"","ocean_menu_typo_transform_tablet":"","ocean_menu_typo_transform_mobile":"","ocean_menu_typo_line_height":0,"ocean_menu_typo_line_height_tablet":0,"ocean_menu_typo_line_height_mobile":0,"ocean_menu_typo_line_height_unit":"","ocean_menu_typo_spacing":0,"ocean_menu_typo_spacing_tablet":0,"ocean_menu_typo_spacing_mobile":0,"ocean_menu_typo_spacing_unit":"","ocean_menu_link_color":"","ocean_menu_link_color_hover":"","ocean_menu_link_color_active":"","ocean_menu_link_background":"","ocean_menu_link_hover_background":"","ocean_menu_link_active_background":"","ocean_menu_social_links_bg":"","ocean_menu_social_hover_links_bg":"","ocean_menu_social_links_color":"","ocean_menu_social_hover_links_color":"","ocean_disable_title":"default","ocean_disable_heading":"default","ocean_post_title":"","ocean_post_subheading":"","ocean_post_title_style":"","ocean_post_title_background_color":"","ocean_post_title_background":0,"ocean_post_title_bg_image_position":"","ocean_post_title_bg_image_attachment":"","ocean_post_title_bg_image_repeat":"","ocean_post_title_bg_image_size":"","ocean_post_title_height":0,"ocean_post_title_bg_overlay":0.5,"ocean_post_title_bg_overlay_color":"","ocean_disable_breadcrumbs":"default","ocean_breadcrumbs_color":"","ocean_breadcrumbs_separator_color":"","ocean_breadcrumbs_links_color":"","ocean_breadcrumbs_links_hover_color":"","ocean_display_footer_widgets":"default","ocean_display_footer_bottom":"default","ocean_custom_footer_template":"","footnotes":""},"class_list":["post-52","page","type-page","status-publish","hentry","entry"],"_links":{"self":[{"href":"https:\/\/kartellrechtsforum-frankfurt.de\/index.php?rest_route=\/wp\/v2\/pages\/52","targetHints":{"allow":["GET"]}}],"collection":[{"href":"https:\/\/kartellrechtsforum-frankfurt.de\/index.php?rest_route=\/wp\/v2\/pages"}],"about":[{"href":"https:\/\/kartellrechtsforum-frankfurt.de\/index.php?rest_route=\/wp\/v2\/types\/page"}],"author":[{"embeddable":true,"href":"https:\/\/kartellrechtsforum-frankfurt.de\/index.php?rest_route=\/wp\/v2\/users\/1"}],"replies":[{"embeddable":true,"href":"https:\/\/kartellrechtsforum-frankfurt.de\/index.php?rest_route=%2Fwp%2Fv2%2Fcomments&post=52"}],"version-history":[{"count":82,"href":"https:\/\/kartellrechtsforum-frankfurt.de\/index.php?rest_route=\/wp\/v2\/pages\/52\/revisions"}],"predecessor-version":[{"id":938,"href":"https:\/\/kartellrechtsforum-frankfurt.de\/index.php?rest_route=\/wp\/v2\/pages\/52\/revisions\/938"}],"wp:attachment":[{"href":"https:\/\/kartellrechtsforum-frankfurt.de\/index.php?rest_route=%2Fwp%2Fv2%2Fmedia&parent=52"}],"curies":[{"name":"wp","href":"https:\/\/api.w.org\/{rel}","templated":true}]}}