{"id":212,"date":"2019-07-12T12:03:05","date_gmt":"2019-07-12T12:03:05","guid":{"rendered":"http:\/\/beta.kartellrechtsforum-frankfurt.de\/?page_id=212"},"modified":"2025-05-22T14:54:45","modified_gmt":"2025-05-22T14:54:45","slug":"membership","status":"publish","type":"page","link":"https:\/\/kartellrechtsforum-frankfurt.de\/?page_id=212","title":{"rendered":"Mitgliedschaft"},"content":{"rendered":"\t\t<div data-elementor-type=\"wp-post\" data-elementor-id=\"212\" class=\"elementor elementor-212\" data-elementor-post-type=\"page\">\n\t\t\t\t\t\t<section class=\"elementor-section elementor-top-section elementor-element elementor-element-3f749c25 elementor-section-full_width elementor-section-height-default elementor-section-height-default\" data-id=\"3f749c25\" data-element_type=\"section\" data-settings=\"{&quot;background_background&quot;:&quot;classic&quot;}\">\n\t\t\t\t\t\t\t<div class=\"elementor-background-overlay\"><\/div>\n\t\t\t\t\t\t\t<div class=\"elementor-container elementor-column-gap-default\">\n\t\t\t\t\t<div class=\"elementor-column elementor-col-100 elementor-top-column elementor-element elementor-element-5a926fc5\" data-id=\"5a926fc5\" data-element_type=\"column\">\n\t\t\t<div class=\"elementor-widget-wrap elementor-element-populated\">\n\t\t\t\t\t\t<div class=\"elementor-element elementor-element-4804fffc elementor-widget elementor-widget-text-editor\" data-id=\"4804fffc\" data-element_type=\"widget\" data-widget_type=\"text-editor.default\">\n\t\t\t\t<div class=\"elementor-widget-container\">\n\t\t\t\t\t\t\t\t\t<p>Werden Sie Mitglied!<\/p>\t\t\t\t\t\t\t\t<\/div>\n\t\t\t\t<\/div>\n\t\t\t\t\t<\/div>\n\t\t<\/div>\n\t\t\t\t\t<\/div>\n\t\t<\/section>\n\t\t\t\t<section class=\"elementor-section elementor-top-section elementor-element elementor-element-60c50088 elementor-section-stretched elementor-section-boxed elementor-section-height-default elementor-section-height-default\" data-id=\"60c50088\" data-element_type=\"section\" data-settings=\"{&quot;stretch_section&quot;:&quot;section-stretched&quot;}\">\n\t\t\t\t\t\t<div class=\"elementor-container elementor-column-gap-default\">\n\t\t\t\t\t<div class=\"elementor-column elementor-col-100 elementor-top-column elementor-element elementor-element-576ba328\" data-id=\"576ba328\" data-element_type=\"column\">\n\t\t\t<div class=\"elementor-widget-wrap elementor-element-populated\">\n\t\t\t\t\t\t<div class=\"elementor-element elementor-element-5fdefd87 elementor-widget elementor-widget-text-editor\" data-id=\"5fdefd87\" data-element_type=\"widget\" data-widget_type=\"text-editor.default\">\n\t\t\t\t<div class=\"elementor-widget-container\">\n\t\t\t\t\t\t\t\t\t<p style=\"text-align: justify;\">Wir freuen uns stets \u00fcber neue Mitglieder!<\/p><div class=\"page\" title=\"Page 1\"><div class=\"layoutArea\"><div class=\"column\"><div class=\"page\" title=\"Page 2\"><div class=\"layoutArea\"><div class=\"column\"><p style=\"text-align: justify;\">Um den wissenschaftlichen Diskurs und den Meinungsaustausch der Mitglieder untereinander so frei \u2013 von wirtschaftlichen Interessen \u2013 wie mo\u0308glich zu gestalten, ko\u0308nnen nur solche Personen Mitglieder des Vereins werden, die eines der nachfolgenden Mitgliedschaftskriterien erfu\u0308llen. Mitglied des Vereins kann nur werden, wer<\/p><ul><li style=\"text-align: justify;\">in seiner Eigenschaft als Dozent oder als Student an einer Universita\u0308t oder einer vergleichbaren Institution,<\/li><li style=\"text-align: justify;\">in seiner Eigenschaft als Richter oder Richterin oder<\/li><li style=\"text-align: justify;\">in seiner Eigenschaft als Rechtsanwalt mit kartellrechtlichen Fragestellungen befasst ist. Zur Klarstellung sei hervorgehoben, dass eine Ta\u0308tigkeit als Syndikusanwalt eines Wirtschaftsunternehmens hiervon nicht erfasst ist.<\/li><\/ul><\/div><\/div><\/div><p style=\"text-align: justify;\">Der Mitgliedsbeitrag betra\u0308gt ja\u0308hrlich EUR 100,00.<\/p><p style=\"text-align: justify;\">Weitere Informationen finden Sie in unserer Satzung.<\/p><\/div><\/div><\/div>\t\t\t\t\t\t\t\t<\/div>\n\t\t\t\t<\/div>\n\t\t\t\t<div class=\"elementor-element elementor-element-f5741a8 elementor-widget elementor-widget-button\" data-id=\"f5741a8\" data-element_type=\"widget\" data-widget_type=\"button.default\">\n\t\t\t\t<div class=\"elementor-widget-container\">\n\t\t\t\t\t\t\t\t\t<div class=\"elementor-button-wrapper\">\n\t\t\t\t\t<a class=\"elementor-button elementor-button-link elementor-size-md elementor-animation-grow\" href=\"https:\/\/kartellrechtsforum-frankfurt.de\/wp-content\/uploads\/2025\/05\/20250205_1449_Satzung-Kartellrechtsforum-1.pdf\" target=\"_blank\">\n\t\t\t\t\t\t<span class=\"elementor-button-content-wrapper\">\n\t\t\t\t\t\t\t\t\t<span class=\"elementor-button-text\">Satzung<\/span>\n\t\t\t\t\t<\/span>\n\t\t\t\t\t<\/a>\n\t\t\t\t<\/div>\n\t\t\t\t\t\t\t\t<\/div>\n\t\t\t\t<\/div>\n\t\t\t\t<div class=\"elementor-element elementor-element-c1450c7 elementor-widget elementor-widget-text-editor\" data-id=\"c1450c7\" data-element_type=\"widget\" data-widget_type=\"text-editor.default\">\n\t\t\t\t<div class=\"elementor-widget-container\">\n\t\t\t\t\t\t\t\t\t<div class=\"column\" style=\"text-align: justify;\">An den Treffen des Kartellrechtsforums k\u00f6nnen neben den ordentlichen Mitgliedern des Vereins selbstverst\u00e4ndlich nach Anmeldung auch G\u00e4ste teilnehmen. Gleichwohl freuen wir uns \u00fcber jedes weitere Mitglied des Kartellrechtsforums Frankfurt am Main e.V. Bitte beachten Sie auch \u00a7 3 Abs. 1 der Satzung. Die an\u00a0<a href=\"mailto:vorstand@kartellrechtsforum-frankfurt.de\" target=\"_blank\" rel=\"noopener\">vorstand@kartellrechtsforum-frankfurt.de<\/a>\u00a0zu sendende Beitrittserkl\u00e4rung kann hier heruntergeladen werden:<\/div>\t\t\t\t\t\t\t\t<\/div>\n\t\t\t\t<\/div>\n\t\t\t\t<div class=\"elementor-element elementor-element-5d2325a6 elementor-widget elementor-widget-button\" data-id=\"5d2325a6\" data-element_type=\"widget\" data-widget_type=\"button.default\">\n\t\t\t\t<div class=\"elementor-widget-container\">\n\t\t\t\t\t\t\t\t\t<div class=\"elementor-button-wrapper\">\n\t\t\t\t\t<a class=\"elementor-button elementor-button-link elementor-size-md elementor-animation-grow\" href=\"https:\/\/kartellrechtsforum-frankfurt.de\/wp-content\/uploads\/2025\/05\/Beitrittserklaerung_2025_Updated.pdf\" target=\"_blank\">\n\t\t\t\t\t\t<span class=\"elementor-button-content-wrapper\">\n\t\t\t\t\t\t\t\t\t<span class=\"elementor-button-text\">Beitrittserkl\u00e4rung<\/span>\n\t\t\t\t\t<\/span>\n\t\t\t\t\t<\/a>\n\t\t\t\t<\/div>\n\t\t\t\t\t\t\t\t<\/div>\n\t\t\t\t<\/div>\n\t\t\t\t\t<\/div>\n\t\t<\/div>\n\t\t\t\t\t<\/div>\n\t\t<\/section>\n\t\t\t\t<\/div>\n\t\t","protected":false},"excerpt":{"rendered":"<p>Werden Sie Mitglied! Wir freuen uns stets \u00fcber neue Mitglieder! Um den wissenschaftlichen Diskurs und den Meinungsaustausch der Mitglieder untereinander so frei \u2013 von wirtschaftlichen Interessen \u2013 wie mo\u0308glich zu gestalten, ko\u0308nnen nur solche Personen Mitglieder des Vereins werden, die eines der nachfolgenden Mitgliedschaftskriterien erfu\u0308llen. Mitglied des Vereins kann nur werden, wer in seiner Eigenschaft [&hellip;]<\/p>\n","protected":false},"author":1,"featured_media":0,"parent":0,"menu_order":0,"comment_status":"closed","ping_status":"closed","template":"elementor_header_footer","meta":{"ocean_post_layout":"","ocean_both_sidebars_style":"","ocean_both_sidebars_content_width":0,"ocean_both_sidebars_sidebars_width":0,"ocean_sidebar":"","ocean_second_sidebar":"","ocean_disable_margins":"enable","ocean_add_body_class":"","ocean_shortcode_before_top_bar":"","ocean_shortcode_after_top_bar":"","ocean_shortcode_before_header":"","ocean_shortcode_after_header":"","ocean_has_shortcode":"","ocean_shortcode_after_title":"","ocean_shortcode_before_footer_widgets":"","ocean_shortcode_after_footer_widgets":"","ocean_shortcode_before_footer_bottom":"","ocean_shortcode_after_footer_bottom":"","ocean_display_top_bar":"default","ocean_display_header":"default","ocean_header_style":"","ocean_center_header_left_menu":"","ocean_custom_header_template":"","ocean_custom_logo":0,"ocean_custom_retina_logo":0,"ocean_custom_logo_max_width":0,"ocean_custom_logo_tablet_max_width":0,"ocean_custom_logo_mobile_max_width":0,"ocean_custom_logo_max_height":0,"ocean_custom_logo_tablet_max_height":0,"ocean_custom_logo_mobile_max_height":0,"ocean_header_custom_menu":"","ocean_menu_typo_font_family":"","ocean_menu_typo_font_subset":"","ocean_menu_typo_font_size":0,"ocean_menu_typo_font_size_tablet":0,"ocean_menu_typo_font_size_mobile":0,"ocean_menu_typo_font_size_unit":"px","ocean_menu_typo_font_weight":"","ocean_menu_typo_font_weight_tablet":"","ocean_menu_typo_font_weight_mobile":"","ocean_menu_typo_transform":"","ocean_menu_typo_transform_tablet":"","ocean_menu_typo_transform_mobile":"","ocean_menu_typo_line_height":0,"ocean_menu_typo_line_height_tablet":0,"ocean_menu_typo_line_height_mobile":0,"ocean_menu_typo_line_height_unit":"","ocean_menu_typo_spacing":0,"ocean_menu_typo_spacing_tablet":0,"ocean_menu_typo_spacing_mobile":0,"ocean_menu_typo_spacing_unit":"","ocean_menu_link_color":"","ocean_menu_link_color_hover":"","ocean_menu_link_color_active":"","ocean_menu_link_background":"","ocean_menu_link_hover_background":"","ocean_menu_link_active_background":"","ocean_menu_social_links_bg":"","ocean_menu_social_hover_links_bg":"","ocean_menu_social_links_color":"","ocean_menu_social_hover_links_color":"","ocean_disable_title":"default","ocean_disable_heading":"default","ocean_post_title":"","ocean_post_subheading":"","ocean_post_title_style":"","ocean_post_title_background_color":"","ocean_post_title_background":0,"ocean_post_title_bg_image_position":"","ocean_post_title_bg_image_attachment":"","ocean_post_title_bg_image_repeat":"","ocean_post_title_bg_image_size":"","ocean_post_title_height":0,"ocean_post_title_bg_overlay":0.5,"ocean_post_title_bg_overlay_color":"","ocean_disable_breadcrumbs":"default","ocean_breadcrumbs_color":"","ocean_breadcrumbs_separator_color":"","ocean_breadcrumbs_links_color":"","ocean_breadcrumbs_links_hover_color":"","ocean_display_footer_widgets":"default","ocean_display_footer_bottom":"default","ocean_custom_footer_template":"","footnotes":""},"class_list":["post-212","page","type-page","status-publish","hentry","entry"],"_links":{"self":[{"href":"https:\/\/kartellrechtsforum-frankfurt.de\/index.php?rest_route=\/wp\/v2\/pages\/212","targetHints":{"allow":["GET"]}}],"collection":[{"href":"https:\/\/kartellrechtsforum-frankfurt.de\/index.php?rest_route=\/wp\/v2\/pages"}],"about":[{"href":"https:\/\/kartellrechtsforum-frankfurt.de\/index.php?rest_route=\/wp\/v2\/types\/page"}],"author":[{"embeddable":true,"href":"https:\/\/kartellrechtsforum-frankfurt.de\/index.php?rest_route=\/wp\/v2\/users\/1"}],"replies":[{"embeddable":true,"href":"https:\/\/kartellrechtsforum-frankfurt.de\/index.php?rest_route=%2Fwp%2Fv2%2Fcomments&post=212"}],"version-history":[{"count":67,"href":"https:\/\/kartellrechtsforum-frankfurt.de\/index.php?rest_route=\/wp\/v2\/pages\/212\/revisions"}],"predecessor-version":[{"id":984,"href":"https:\/\/kartellrechtsforum-frankfurt.de\/index.php?rest_route=\/wp\/v2\/pages\/212\/revisions\/984"}],"wp:attachment":[{"href":"https:\/\/kartellrechtsforum-frankfurt.de\/index.php?rest_route=%2Fwp%2Fv2%2Fmedia&parent=212"}],"curies":[{"name":"wp","href":"https:\/\/api.w.org\/{rel}","templated":true}]}}